{"id":8828,"date":"2024-09-17T10:29:24","date_gmt":"2024-09-17T08:29:24","guid":{"rendered":"https:\/\/www.audace44.fr\/commande\/?post_type=product&#038;p=8828"},"modified":"2025-01-13T14:36:17","modified_gmt":"2025-01-13T13:36:17","slug":"thalasso-benodet","status":"publish","type":"product","link":"https:\/\/www.audace44.fr\/commande\/produit\/thalasso-benodet\/","title":{"rendered":"Thalasso B\u00e9nodet"},"content":{"rendered":"<p><strong>PLONGEZ DANS L'UNIVERS MAGIQUE DU RELAIS THALASSO \u00c0 B\u00c9NODET<\/strong><\/p>\n<p>L'acc\u00e8s au spa marin est inclus sur la demi-journ\u00e9e de vos soins.<\/p>\n<p>Toute l'ann\u00e9e b\u00e9n\u00e9ficiez de tarifs avantageux sur les formules que propose le relais Thalasso de B\u00e9nodet.<\/p>\n<p>Une fois votre bon achet\u00e9 chez Audace c'est \u00e0 vous de r\u00e9server aupr\u00e8s de la Thalasso.<\/p>\n<p>------------------------------<\/p>\n<p>Retrouvez toutes les formules sur le <a href=\"https:\/\/benodet.relaisthalasso.com\/fr\/?googleads&amp;gad_source=1&amp;gclid=CjwKCAjw0aS3BhA3EiwAKaD2ZSdfdVUYOnekjZ2e5Bh0YrSaXhg-mmT9PabNhwCmu4DKLFrJqomM4BoC19sQAvD_BwE\" target=\"_blank\" rel=\"noopener\">site de la Thalasso: ICI<\/a><\/p>\n<p><strong>Exemple:<\/strong><\/p>\n<p><strong>Bulle Lunch et Spa semaine 71 \u20ac week-end 79 \u20ac<\/strong>: \u00a01 d\u00e9jeuner au restaurant La terrasse -1\u00a0massage manuel (20 min) ou sous pluie marine (15 min) -1 acc\u00e8s au spa marin et au solarium inclus pendant la \u00bd journ\u00e9e de soins<\/p>\n<p>Tous les d\u00e9tails des formules s\u00e9jours disponibles, nous contacter.<\/p>\n<p>ENVIE DE PROLONGER LE PLAISIR ?<br \/>\nEn compl\u00e9ment d\u2019une Bulle optez pour le forfait \u00e0 26\u20ac !<br \/>\n\u2022 Un d\u00e9jeuner au restaurant du Kastel (entr\u00e9e, plat, dessert)<br \/>\n\u2022 l\u2019acc\u00e8s au spa marin sur la journ\u00e9e<\/p>\n<p>&nbsp;<\/p>\n<p>&nbsp;<\/p>\n<p>&nbsp;<\/p>\n<p>&nbsp;<\/p>\n","protected":false},"excerpt":{"rendered":"<p>Thalasso B\u00e9nodet<\/p>\n<p>Offres soins et s\u00e9jours<\/p>\n","protected":false},"featured_media":9410,"template":"","meta":[],"product_cat":[81,95],"product_tag":[],"_links":{"self":[{"href":"https:\/\/www.audace44.fr\/commande\/wp-json\/wp\/v2\/product\/8828"}],"collection":[{"href":"https:\/\/www.audace44.fr\/commande\/wp-json\/wp\/v2\/product"}],"about":[{"href":"https:\/\/www.audace44.fr\/commande\/wp-json\/wp\/v2\/types\/product"}],"wp:featuredmedia":[{"embeddable":true,"href":"https:\/\/www.audace44.fr\/commande\/wp-json\/wp\/v2\/media\/9410"}],"wp:attachment":[{"href":"https:\/\/www.audace44.fr\/commande\/wp-json\/wp\/v2\/media?parent=8828"}],"wp:term":[{"taxonomy":"product_cat","embeddable":true,"href":"https:\/\/www.audace44.fr\/commande\/wp-json\/wp\/v2\/product_cat?post=8828"},{"taxonomy":"product_tag","embeddable":true,"href":"https:\/\/www.audace44.fr\/commande\/wp-json\/wp\/v2\/product_tag?post=8828"}],"curies":[{"name":"wp","href":"https:\/\/api.w.org\/{rel}","templated":true}]}}