{"id":8930,"date":"2025-08-02T12:07:37","date_gmt":"2025-08-02T10:07:37","guid":{"rendered":"https:\/\/www.audace44.fr\/commande\/?post_type=product&#038;p=8930"},"modified":"2026-02-05T14:33:20","modified_gmt":"2026-02-05T13:33:20","slug":"cinema-saint-gilles-a-pornic","status":"publish","type":"product","link":"https:\/\/www.audace44.fr\/commande\/produit\/cinema-saint-gilles-a-pornic\/","title":{"rendered":"Cin\u00e9 Toiles Pornic"},"content":{"rendered":"<p>Cin\u00e9Toiles, cin\u00e9ma Saint Gilles \u00e0 Pornic<\/p>\n<p>Tarif Audace 5.90 \u20ac validit\u00e9 05\/02\/27<\/p>\n<p>Billets envoy\u00e9s par mail ou t\u00e9l\u00e9chargeables.<\/p>\n<p>Pour obtenir des billets t\u00e9l\u00e9chargeables m\u00eame pendant les heures de fermeture d'Audace, vous devez choisir des billets avec un num\u00e9ro (expl: T\u00e9l\u00e9-D8P) et payer par CB. Chaque num\u00e9ro correspond \u00e0 un billet adulte, ainsi pour obtenir plusieurs billets il vous faut ajouter plusieurs billets avec num\u00e9ros dans votre panier.<\/p>\n","protected":false},"excerpt":{"rendered":"<p>Cin\u00e9 Toiles de Retz, Pornic<\/p>\n<p>&nbsp;<\/p>\n","protected":false},"featured_media":8931,"template":"","meta":[],"product_cat":[84,75],"product_tag":[74,124],"_links":{"self":[{"href":"https:\/\/www.audace44.fr\/commande\/wp-json\/wp\/v2\/product\/8930"}],"collection":[{"href":"https:\/\/www.audace44.fr\/commande\/wp-json\/wp\/v2\/product"}],"about":[{"href":"https:\/\/www.audace44.fr\/commande\/wp-json\/wp\/v2\/types\/product"}],"wp:featuredmedia":[{"embeddable":true,"href":"https:\/\/www.audace44.fr\/commande\/wp-json\/wp\/v2\/media\/8931"}],"wp:attachment":[{"href":"https:\/\/www.audace44.fr\/commande\/wp-json\/wp\/v2\/media?parent=8930"}],"wp:term":[{"taxonomy":"product_cat","embeddable":true,"href":"https:\/\/www.audace44.fr\/commande\/wp-json\/wp\/v2\/product_cat?post=8930"},{"taxonomy":"product_tag","embeddable":true,"href":"https:\/\/www.audace44.fr\/commande\/wp-json\/wp\/v2\/product_tag?post=8930"}],"curies":[{"name":"wp","href":"https:\/\/api.w.org\/{rel}","templated":true}]}}