{"id":9096,"date":"2024-12-06T16:52:26","date_gmt":"2024-12-06T15:52:26","guid":{"rendered":"https:\/\/www.audace44.fr\/commande\/?post_type=product&#038;p=9096"},"modified":"2025-07-22T15:36:31","modified_gmt":"2025-07-22T13:36:31","slug":"caliceobalneo","status":"publish","type":"product","link":"https:\/\/www.audace44.fr\/commande\/produit\/caliceobalneo\/","title":{"rendered":"Calic\u00e9o Baln\u00e9o"},"content":{"rendered":"<p>Les pass Calic\u00e9o Bains sont utilisables dans les centres Calic\u00e9o de Nantes, Lyon, Bordeaux et Toulouse.<\/p>\n<p>Les pass sont envoy\u00e9s sous forme de e-billets (les jours ouvr\u00e9s) ou sont directement t\u00e9l\u00e9chargeables apr\u00e8s le paiement sous r\u00e9serve de stock.<\/p>\n<p>Les cartes Calic\u00e9o Baln\u00e9o sont \u00e9galement utilisables pour les cours d'Aquagym.<br \/>\nCes pass sont \u00e0 \u00e9changer \u00e0 l'accueil contre une carte tempo donnant un temps d'acc\u00e8s \u00e0 l'espace Baln\u00e9o. Le temps exact pass\u00e9 \u00e0 chaque visite se d\u00e9compte automatiquement de la carte.<br \/>\nAudace vous propose r\u00e9guli\u00e8rement des offres promos.<br \/>\nExemple: 10h + 2h gratuites au prix de 71.90 \u20ac au lieu de 79 \u20ac<br \/>\nCes offres sont ponctuelles et sont \u00e0 commander au moment de la communication faite par Audace.<\/p>\n","protected":false},"excerpt":{"rendered":"<p><b>e-billets \u00e0 utiliser pour l&#8217;espace baln\u00e9o et pour les cours d&#8217;aquagym.<\/b><\/p>\n","protected":false},"featured_media":16310,"template":"","meta":[],"product_cat":[81,95],"product_tag":[74],"_links":{"self":[{"href":"https:\/\/www.audace44.fr\/commande\/wp-json\/wp\/v2\/product\/9096"}],"collection":[{"href":"https:\/\/www.audace44.fr\/commande\/wp-json\/wp\/v2\/product"}],"about":[{"href":"https:\/\/www.audace44.fr\/commande\/wp-json\/wp\/v2\/types\/product"}],"wp:featuredmedia":[{"embeddable":true,"href":"https:\/\/www.audace44.fr\/commande\/wp-json\/wp\/v2\/media\/16310"}],"wp:attachment":[{"href":"https:\/\/www.audace44.fr\/commande\/wp-json\/wp\/v2\/media?parent=9096"}],"wp:term":[{"taxonomy":"product_cat","embeddable":true,"href":"https:\/\/www.audace44.fr\/commande\/wp-json\/wp\/v2\/product_cat?post=9096"},{"taxonomy":"product_tag","embeddable":true,"href":"https:\/\/www.audace44.fr\/commande\/wp-json\/wp\/v2\/product_tag?post=9096"}],"curies":[{"name":"wp","href":"https:\/\/api.w.org\/{rel}","templated":true}]}}