{"id":9162,"date":"2026-02-06T18:26:37","date_gmt":"2026-02-06T17:26:37","guid":{"rendered":"https:\/\/www.audace44.fr\/commande\/?post_type=product&#038;p=9162"},"modified":"2026-04-27T12:21:57","modified_gmt":"2026-04-27T10:21:57","slug":"caliceo-balneo-20h4h-promo","status":"publish","type":"product","link":"https:\/\/www.audace44.fr\/commande\/produit\/caliceo-balneo-20h4h-promo\/","title":{"rendered":"Calic\u00e9o Baln\u00e9o 20h+4h promo"},"content":{"rendered":"<p>Carte tempo de 20 h + 4 h promo<br \/>\nEnvoy\u00e9 en e-billet ou t\u00e9l\u00e9chargeable ( en fonction du stock)<\/p>\n<p>Prix public 169\u20ac, <strong>prix AUDACE 148 \u20ac<\/strong><br \/>\nA \u00e9changer \u00e0 l'accueil contre une carte valable 1 an<\/p>\n<p>Valables uniquement pour les centres :LYON - NANTES - TOULOUSE - BORDEAUX - PERPIGNAN - PAU<\/p>\n<p>Pour les autres centres nous contacter par mail.<\/p>\n<p>Si plusieurs achats de pass privil\u00e9giez l'envoi par mail.<\/p>\n<p>Offre flash jusqu'au 31\/05\/26 ou \u00e9puisement du stock, validit\u00e9 minimum mars 27<\/p>\n","protected":false},"excerpt":{"rendered":"<p>Carte tempo de 20 h + 4 h promo<\/p>\n<p>Offre Flash !<\/p>\n","protected":false},"featured_media":16310,"template":"","meta":[],"product_cat":[15],"product_tag":[74,124],"_links":{"self":[{"href":"https:\/\/www.audace44.fr\/commande\/wp-json\/wp\/v2\/product\/9162"}],"collection":[{"href":"https:\/\/www.audace44.fr\/commande\/wp-json\/wp\/v2\/product"}],"about":[{"href":"https:\/\/www.audace44.fr\/commande\/wp-json\/wp\/v2\/types\/product"}],"wp:featuredmedia":[{"embeddable":true,"href":"https:\/\/www.audace44.fr\/commande\/wp-json\/wp\/v2\/media\/16310"}],"wp:attachment":[{"href":"https:\/\/www.audace44.fr\/commande\/wp-json\/wp\/v2\/media?parent=9162"}],"wp:term":[{"taxonomy":"product_cat","embeddable":true,"href":"https:\/\/www.audace44.fr\/commande\/wp-json\/wp\/v2\/product_cat?post=9162"},{"taxonomy":"product_tag","embeddable":true,"href":"https:\/\/www.audace44.fr\/commande\/wp-json\/wp\/v2\/product_tag?post=9162"}],"curies":[{"name":"wp","href":"https:\/\/api.w.org\/{rel}","templated":true}]}}