{"id":9182,"date":"2026-02-06T08:06:48","date_gmt":"2026-02-06T07:06:48","guid":{"rendered":"https:\/\/www.audace44.fr\/commande\/?post_type=product&#038;p=9182"},"modified":"2026-05-07T15:42:00","modified_gmt":"2026-05-07T13:42:00","slug":"caliceo-balneo-2h-1h","status":"publish","type":"product","link":"https:\/\/www.audace44.fr\/commande\/produit\/caliceo-balneo-2h-1h\/","title":{"rendered":"Calic\u00e9o Baln\u00e9o 3h Promo"},"content":{"rendered":"<p>Carte tempo 3 H donnant acc\u00e8s \u00e0 l'ensemble de l'espace baln\u00e9o et aux cours d'aquagym<\/p>\n<p>PROMO date courte 7 billets en t\u00e9l\u00e9chargements sont disponibles \u00e0 15 \u20ac. Ces billets \u00e9taient initialement d'une validit\u00e9 au 16\/04\/26 et ont \u00e9t\u00e9 prolong\u00e9s au 16\/05\/26.<\/p>\n<p>Nouveau, 2 types de billets:<\/p>\n<p><strong>- Calic\u00e9o classiques: <\/strong>Bordeaux-Bruges, Ste Foy-l\u00e8s-Lyon, Nantes-St Herblain, Pau, Perpignan-Saleilles, Toulouse-l'Union<strong>: 16.90 \u20ac<\/strong><\/p>\n<p><strong>- Calic\u00e9o autres: toutes villes <\/strong>dont <u>St-Cyr-L \u2019Ecole, Carr\u00e9 S\u00e9nart et Cormeilles-en-Parisis<\/u> Lille et Strasbourg<strong>: 23.50 \u20ac<\/strong><\/p>\n<p>Envoy\u00e9 en e-billets les jours ouvr\u00e9s ou t\u00e9l\u00e9chargeable directement sur le site apr\u00e8s paiement (si stock disponible).<\/p>\n<p>Pour le billets t\u00e9l\u00e9chargeables apr\u00e8s paiement CB valid\u00e9 choisissez \" ticket t\u00e9l\u00e9chargeable unique\" et un num\u00e9ro de billet (exemple 1 entr\u00e9e 52fg8 ou Paris52kl).<\/p>\n<p>Vous pouvez mettre plusieurs tickets t\u00e9l\u00e9chargeables dans votre panier en choisissant plusieurs num\u00e9ros.<\/p>\n<p><strong>Dans le cas d'achats multiples, privil\u00e9giez l'envoi par mail.<\/strong><\/p>\n<p><em>Rappel: les offres Audace sont uniquement accessibles aux adh\u00e9rents.<\/em><\/p>\n<p>Tarifs\u00a0 16.90 \u20ac - validit\u00e9 oct 26 envoy\u00e9s par mail ou billets t\u00e9l\u00e9chargeables (choisir un num\u00e9ro par billet).<\/p>\n<p>&nbsp;<\/p>\n<p>&nbsp;<\/p>\n","protected":false},"excerpt":{"rendered":"<p>Entr\u00e9e 2H + 1h espace baln\u00e9o et cours aquagym<\/p>\n<p>Offre promo stock limit\u00e9<\/p>\n<p>&nbsp;<\/p>\n","protected":false},"featured_media":16310,"template":"","meta":[],"product_cat":[81,95,15],"product_tag":[74,124],"_links":{"self":[{"href":"https:\/\/www.audace44.fr\/commande\/wp-json\/wp\/v2\/product\/9182"}],"collection":[{"href":"https:\/\/www.audace44.fr\/commande\/wp-json\/wp\/v2\/product"}],"about":[{"href":"https:\/\/www.audace44.fr\/commande\/wp-json\/wp\/v2\/types\/product"}],"wp:featuredmedia":[{"embeddable":true,"href":"https:\/\/www.audace44.fr\/commande\/wp-json\/wp\/v2\/media\/16310"}],"wp:attachment":[{"href":"https:\/\/www.audace44.fr\/commande\/wp-json\/wp\/v2\/media?parent=9182"}],"wp:term":[{"taxonomy":"product_cat","embeddable":true,"href":"https:\/\/www.audace44.fr\/commande\/wp-json\/wp\/v2\/product_cat?post=9182"},{"taxonomy":"product_tag","embeddable":true,"href":"https:\/\/www.audace44.fr\/commande\/wp-json\/wp\/v2\/product_tag?post=9182"}],"curies":[{"name":"wp","href":"https:\/\/api.w.org\/{rel}","templated":true}]}}