{"id":9195,"date":"2024-12-08T10:42:59","date_gmt":"2024-12-08T09:42:59","guid":{"rendered":"https:\/\/www.audace44.fr\/commande\/?post_type=product&#038;p=9195"},"modified":"2026-01-30T13:02:15","modified_gmt":"2026-01-30T12:02:15","slug":"caliceo-massages","status":"publish","type":"product","link":"https:\/\/www.audace44.fr\/commande\/produit\/caliceo-massages\/","title":{"rendered":"Calic\u00e9o Massages"},"content":{"rendered":"<p>Disponibles en e-billet (les jours ouvr\u00e9s) et en t\u00e9l\u00e9chargement (en fonction du stock).<\/p>\n<p>Ces bons cadeaux massages sont valables 1 an dans les centres Calic\u00e9o de Nantes, Lyon, Toulouse, Pau et Perpignan.<br \/>\nMassages du Monde au choix: ile Pacifique, Merveille Arctique, Joyaux Atlantique et Oriental.<\/p>\n<p>&nbsp;<\/p>\n","protected":false},"excerpt":{"rendered":"<p>Disponibles en e-billet (les jours ouvr\u00e9s) et t\u00e9l\u00e9chargeables.<\/p>\n<p>Ces bons cadeaux massages sont valables 1 an dans les centres Calic\u00e9o de Nantes, Lyon, Toulouse, Pau et Perpignan.<br \/>\nMassages du Monde au choix: ile Pacifique, Merveille Arctique, Joyaux Atlantique et Oriental.<\/p>\n","protected":false},"featured_media":16309,"template":"","meta":[],"product_cat":[81,95],"product_tag":[74],"_links":{"self":[{"href":"https:\/\/www.audace44.fr\/commande\/wp-json\/wp\/v2\/product\/9195"}],"collection":[{"href":"https:\/\/www.audace44.fr\/commande\/wp-json\/wp\/v2\/product"}],"about":[{"href":"https:\/\/www.audace44.fr\/commande\/wp-json\/wp\/v2\/types\/product"}],"wp:featuredmedia":[{"embeddable":true,"href":"https:\/\/www.audace44.fr\/commande\/wp-json\/wp\/v2\/media\/16309"}],"wp:attachment":[{"href":"https:\/\/www.audace44.fr\/commande\/wp-json\/wp\/v2\/media?parent=9195"}],"wp:term":[{"taxonomy":"product_cat","embeddable":true,"href":"https:\/\/www.audace44.fr\/commande\/wp-json\/wp\/v2\/product_cat?post=9195"},{"taxonomy":"product_tag","embeddable":true,"href":"https:\/\/www.audace44.fr\/commande\/wp-json\/wp\/v2\/product_tag?post=9195"}],"curies":[{"name":"wp","href":"https:\/\/api.w.org\/{rel}","templated":true}]}}