{"id":9199,"date":"2026-01-02T08:46:18","date_gmt":"2026-01-02T07:46:18","guid":{"rendered":"https:\/\/www.audace44.fr\/commande\/?post_type=product&#038;p=9199"},"modified":"2026-03-31T10:39:45","modified_gmt":"2026-03-31T08:39:45","slug":"caliceo-massages-californien","status":"publish","type":"product","link":"https:\/\/www.audace44.fr\/commande\/produit\/caliceo-massages-californien\/","title":{"rendered":"Calic\u00e9o Massages Californien"},"content":{"rendered":"<p>Massage Californien de 45 ou 30 minutes<\/p>\n<p>Disponibles en e-billet (les jours ouvr\u00e9s) et en t\u00e9l\u00e9chargement (en fonction du stock).<\/p>\n<p>Bons valables dans les Calic\u00e9o de Bordeaux- Lyon- Nantes -Pau -Perpignan -Toulouse.<\/p>\n<p>Pour les tarifs des autres centres Calic\u00e9o, n'h\u00e9sitez pas \u00e0 nous contacter.<\/p>\n<p><strong>Important: Vous avez maintenant la possibilit\u00e9 de t\u00e9l\u00e9charger vos billets aux heures de fermeture d'Audace et le week-end.<\/strong><\/p>\n<p><strong>Dans ce cas il vous faut choisir \"Tickets t\u00e9l\u00e9chargeables\" et choisir 1 des num\u00e9ros propos\u00e9s.<\/strong><\/p>\n<p><strong>Les billets seront disponibles dans votre espace sur le site Audace d\u00e8s votre paiement CB effectu\u00e9.<\/strong><\/p>\n<p>&nbsp;<\/p>\n<p>&nbsp;<\/p>\n","protected":false},"excerpt":{"rendered":"<p>Massage Californien de 30 ou 45\u00a0 minutes<\/p>\n<p>Disponibles en e-billet (les jours ouvr\u00e9s) et t\u00e9l\u00e9chargeables.<\/p>\n<p>&nbsp;<\/p>\n","protected":false},"featured_media":16309,"template":"","meta":[],"product_cat":[15],"product_tag":[74],"_links":{"self":[{"href":"https:\/\/www.audace44.fr\/commande\/wp-json\/wp\/v2\/product\/9199"}],"collection":[{"href":"https:\/\/www.audace44.fr\/commande\/wp-json\/wp\/v2\/product"}],"about":[{"href":"https:\/\/www.audace44.fr\/commande\/wp-json\/wp\/v2\/types\/product"}],"wp:featuredmedia":[{"embeddable":true,"href":"https:\/\/www.audace44.fr\/commande\/wp-json\/wp\/v2\/media\/16309"}],"wp:attachment":[{"href":"https:\/\/www.audace44.fr\/commande\/wp-json\/wp\/v2\/media?parent=9199"}],"wp:term":[{"taxonomy":"product_cat","embeddable":true,"href":"https:\/\/www.audace44.fr\/commande\/wp-json\/wp\/v2\/product_cat?post=9199"},{"taxonomy":"product_tag","embeddable":true,"href":"https:\/\/www.audace44.fr\/commande\/wp-json\/wp\/v2\/product_tag?post=9199"}],"curies":[{"name":"wp","href":"https:\/\/api.w.org\/{rel}","templated":true}]}}