{"id":9207,"date":"2026-03-08T11:22:44","date_gmt":"2026-03-08T10:22:44","guid":{"rendered":"https:\/\/www.audace44.fr\/commande\/?post_type=product&#038;p=9207"},"modified":"2026-03-31T10:45:27","modified_gmt":"2026-03-31T08:45:27","slug":"caliceo-massages-du-monde","status":"publish","type":"product","link":"https:\/\/www.audace44.fr\/commande\/produit\/caliceo-massages-du-monde\/","title":{"rendered":"Calic\u00e9o Massages du Monde"},"content":{"rendered":"<p>Disponibles en e-billet (les jours ouvr\u00e9s) et en t\u00e9l\u00e9chargement (en fonction du stock).<\/p>\n<p><strong>Promo ouverte jusqu'au 31\/05\/26, validit\u00e9 minimum mars 27<\/strong><\/p>\n<p>Pour des achats multiples ou en cas de rupture de stock de billets t\u00e9l\u00e9chargeables, pr\u00e9f\u00e9rez l'envoi par mail.<\/p>\n<p>Ces bons cadeaux massages sont valables 1 an dans les centres Calic\u00e9o de Nantes, Lyon, Toulouse, Pau et Perpignan.<\/p>\n<p>Pour les autres centres Calic\u00e9o, n'h\u00e9sitez pas \u00e0 nous envoyer un message.<\/p>\n<p>Massages du Monde 45 minutes au choix: ile Pacifique, Merveille Arctique, Joyaux Atlantique et Oriental.<\/p>\n<p>&nbsp;<\/p>\n<p>&nbsp;<\/p>\n<p>&nbsp;<\/p>\n","protected":false},"excerpt":{"rendered":"<p>Massages 45 minutes PROMO<\/p>\n<p>Disponibles en e-billet (les jours ouvr\u00e9s) et t\u00e9l\u00e9chargeables.<\/p>\n","protected":false},"featured_media":16309,"template":"","meta":[],"product_cat":[15],"product_tag":[74],"_links":{"self":[{"href":"https:\/\/www.audace44.fr\/commande\/wp-json\/wp\/v2\/product\/9207"}],"collection":[{"href":"https:\/\/www.audace44.fr\/commande\/wp-json\/wp\/v2\/product"}],"about":[{"href":"https:\/\/www.audace44.fr\/commande\/wp-json\/wp\/v2\/types\/product"}],"wp:featuredmedia":[{"embeddable":true,"href":"https:\/\/www.audace44.fr\/commande\/wp-json\/wp\/v2\/media\/16309"}],"wp:attachment":[{"href":"https:\/\/www.audace44.fr\/commande\/wp-json\/wp\/v2\/media?parent=9207"}],"wp:term":[{"taxonomy":"product_cat","embeddable":true,"href":"https:\/\/www.audace44.fr\/commande\/wp-json\/wp\/v2\/product_cat?post=9207"},{"taxonomy":"product_tag","embeddable":true,"href":"https:\/\/www.audace44.fr\/commande\/wp-json\/wp\/v2\/product_tag?post=9207"}],"curies":[{"name":"wp","href":"https:\/\/api.w.org\/{rel}","templated":true}]}}