{"id":9220,"date":"2021-12-10T10:16:19","date_gmt":"2021-12-10T09:16:19","guid":{"rendered":"https:\/\/www.audace44.fr\/commande\/?post_type=product&#038;p=9220"},"modified":"2024-02-21T12:24:45","modified_gmt":"2024-02-21T11:24:45","slug":"croisieres-marine-et-loire","status":"publish","type":"product","link":"https:\/\/www.audace44.fr\/commande\/produit\/croisieres-marine-et-loire\/","title":{"rendered":"Croisi\u00e8res Marine et Loire"},"content":{"rendered":"<p>Croisi\u00e8res comment\u00e9es entre Nantes et St Nazaire.<\/p>\n<p>Billets valables 2 ans.<\/p>\n<p>D\u00e9parts de Nantes et de St Nazaire.<\/p>\n<p>Voir calendrier <a href=\"https:\/\/www.marineetloire.fr\/wp-content\/uploads\/Calendrier-Internet-Loire-2021-bis-1-1.pdf\" target=\"_blank\" rel=\"noopener noreferrer\">ICI<\/a><\/p>\n<p>Avec le code AUDACE44 B\u00e9n\u00e9ficiez de -20 % sur vos r\u00e9servations hors juillet et ao\u00fbt;<\/p>\n<p>et de -7 % en juillet et ao\u00fbt avec le code AUDACE447.<\/p>\n<p>Pour le choix des croisi\u00e8res voir le site du prestataire <a href=\"https:\/\/www.marineetloire.fr\/croisiere-estuaire\/\" target=\"_blank\" rel=\"noopener noreferrer\">ICI<\/a><\/p>\n<p>Egalement -20% sur les travers\u00e9es Finist'mer, cliquez ICI<\/p>\n<p>&nbsp;<\/p>\n","protected":false},"excerpt":{"rendered":"<p>Croisi\u00e8res estuaires entre Nantes et St Nazaire.<\/p>\n<p>Travers\u00e9es vers Mol\u00e8ne, Ouessant et \u00eele de Sein.<\/p>\n<p>-7 % et -20 % selon p\u00e9riode.<\/p>\n","protected":false},"featured_media":9221,"template":"","meta":[],"product_cat":[84,92,86,96],"product_tag":[],"_links":{"self":[{"href":"https:\/\/www.audace44.fr\/commande\/wp-json\/wp\/v2\/product\/9220"}],"collection":[{"href":"https:\/\/www.audace44.fr\/commande\/wp-json\/wp\/v2\/product"}],"about":[{"href":"https:\/\/www.audace44.fr\/commande\/wp-json\/wp\/v2\/types\/product"}],"wp:featuredmedia":[{"embeddable":true,"href":"https:\/\/www.audace44.fr\/commande\/wp-json\/wp\/v2\/media\/9221"}],"wp:attachment":[{"href":"https:\/\/www.audace44.fr\/commande\/wp-json\/wp\/v2\/media?parent=9220"}],"wp:term":[{"taxonomy":"product_cat","embeddable":true,"href":"https:\/\/www.audace44.fr\/commande\/wp-json\/wp\/v2\/product_cat?post=9220"},{"taxonomy":"product_tag","embeddable":true,"href":"https:\/\/www.audace44.fr\/commande\/wp-json\/wp\/v2\/product_tag?post=9220"}],"curies":[{"name":"wp","href":"https:\/\/api.w.org\/{rel}","templated":true}]}}