{"id":9230,"date":"2026-03-05T11:23:26","date_gmt":"2026-03-05T10:23:26","guid":{"rendered":"https:\/\/www.audace44.fr\/commande\/?post_type=product&#038;p=9230"},"modified":"2026-04-06T09:55:08","modified_gmt":"2026-04-06T07:55:08","slug":"caliceo-vitalite-102seances-promo","status":"publish","type":"product","link":"https:\/\/www.audace44.fr\/commande\/produit\/caliceo-vitalite-102seances-promo\/","title":{"rendered":"Calic\u00e9o Vitalit\u00e9 10+2 s\u00e9ances promo"},"content":{"rendered":"<p><b>Pour les s\u00e9ances d'aquabike \/ aquapilates \/ aquatraining<\/b><\/p>\n<p>Offre flash en cours jusqu'au 31\/05\/26 ou jusqu'\u00e0 \u00e9puisement du stock, validit\u00e9 minimum 31\/03\/27<\/p>\n<p>Disponibles en e-billet (les jours ouvr\u00e9s) et t\u00e9l\u00e9chargeables (suivant stock).<\/p>\n<p>Pour des commandes multiples privil\u00e9giez l'envoi par mail.<\/p>\n<p>Les forfaits Vitalit\u00e9 de Calic\u00e9o sont valables pour des r\u00e9servations de s\u00e9ances d'aquatraining, aquabiking ou aquapilates.<\/p>\n<p>Non valables pour les s\u00e9ances d'aquagym (forfait baln\u00e9o).<\/p>\n<p>Valables uniquement dans les centres de Bordeaux, Lyon, Nantes, Pau, Toulouse et Perpignan.<\/p>\n<p><strong><u>Tarification diff\u00e9rente pour les centres de St-Cyr-L \u2019Ecole, Carr\u00e9 S\u00e9nart et Cormeilles-en-Parisis, nous contacter.<\/u><\/strong><\/p>\n<p>&nbsp;<\/p>\n","protected":false},"excerpt":{"rendered":"<p><b>Pour les s\u00e9ances d&#8217;aquabike \/ aquapilates \/ aquatraining<\/b><\/p>\n<p>e-billets par mail ou t\u00e9l\u00e9chargeables<\/p>\n<p>Offre Flash<\/p>\n<p>&nbsp;<\/p>\n<p>&nbsp;<\/p>\n<p>&nbsp;<\/p>\n","protected":false},"featured_media":16308,"template":"","meta":[],"product_cat":[15],"product_tag":[74,124],"_links":{"self":[{"href":"https:\/\/www.audace44.fr\/commande\/wp-json\/wp\/v2\/product\/9230"}],"collection":[{"href":"https:\/\/www.audace44.fr\/commande\/wp-json\/wp\/v2\/product"}],"about":[{"href":"https:\/\/www.audace44.fr\/commande\/wp-json\/wp\/v2\/types\/product"}],"wp:featuredmedia":[{"embeddable":true,"href":"https:\/\/www.audace44.fr\/commande\/wp-json\/wp\/v2\/media\/16308"}],"wp:attachment":[{"href":"https:\/\/www.audace44.fr\/commande\/wp-json\/wp\/v2\/media?parent=9230"}],"wp:term":[{"taxonomy":"product_cat","embeddable":true,"href":"https:\/\/www.audace44.fr\/commande\/wp-json\/wp\/v2\/product_cat?post=9230"},{"taxonomy":"product_tag","embeddable":true,"href":"https:\/\/www.audace44.fr\/commande\/wp-json\/wp\/v2\/product_tag?post=9230"}],"curies":[{"name":"wp","href":"https:\/\/api.w.org\/{rel}","templated":true}]}}