{"id":9236,"date":"2026-03-05T11:42:36","date_gmt":"2026-03-05T10:42:36","guid":{"rendered":"https:\/\/www.audace44.fr\/commande\/?post_type=product&#038;p=9236"},"modified":"2026-03-31T10:35:53","modified_gmt":"2026-03-31T08:35:53","slug":"caliceo-vitalite-204-seances-promo","status":"publish","type":"product","link":"https:\/\/www.audace44.fr\/commande\/produit\/caliceo-vitalite-204-seances-promo\/","title":{"rendered":"Calic\u00e9o Vitalit\u00e9 20+4 s\u00e9ances promo"},"content":{"rendered":"<p><b>Pour les s\u00e9ances d'aquabike \/ aquapilates \/ aquatraining<\/b><\/p>\n<p>Disponibles en e-billet (les jours ouvr\u00e9s) et t\u00e9l\u00e9chargeables (suivant stock).<\/p>\n<p>Pour des commandes multiples privil\u00e9giez l'envoi par mail.<\/p>\n<p>Les forfaits Vitalit\u00e9 de Calic\u00e9o sont valables pour des r\u00e9servations de s\u00e9ances d'aquatraining, aquabiking et aquapilates.<\/p>\n<p>Non valables pour les s\u00e9ances d'aquagym (forfait baln\u00e9o).<\/p>\n<p>Les pass promos sont en g\u00e9n\u00e9ral \u00e0 acheter au moment de l'op\u00e9ration. Ils sont ensuite valables 1 an.<br \/>\nCes pass sont valables dans l'ensemble des centres Calic\u00e9o LYON - NANTES - TOULOUSE - BORDEAUX - PERPIGNAN - PAU<\/p>\n<p>Pour conna\u00eetre la tarification des autres centres nous contacter.<\/p>\n<p>A commander avant le 31\/05\/26 ou en fonction du stock, validit\u00e9 minimum des Pass mars 27<\/p>\n<p>&nbsp;<\/p>\n<p>&nbsp;<\/p>\n","protected":false},"excerpt":{"rendered":"<p><b>Pour les s\u00e9ances d&#8217;aquabike \/ aquapilates \/ aquatraining<\/b><\/p>\n<p>e-billets envoy\u00e9s par mail ou t\u00e9l\u00e9chargeables<\/p>\n<p>Offre Flash !<\/p>\n<p>&nbsp;<\/p>\n<p>&nbsp;<\/p>\n","protected":false},"featured_media":16308,"template":"","meta":[],"product_cat":[15],"product_tag":[74,124],"_links":{"self":[{"href":"https:\/\/www.audace44.fr\/commande\/wp-json\/wp\/v2\/product\/9236"}],"collection":[{"href":"https:\/\/www.audace44.fr\/commande\/wp-json\/wp\/v2\/product"}],"about":[{"href":"https:\/\/www.audace44.fr\/commande\/wp-json\/wp\/v2\/types\/product"}],"wp:featuredmedia":[{"embeddable":true,"href":"https:\/\/www.audace44.fr\/commande\/wp-json\/wp\/v2\/media\/16308"}],"wp:attachment":[{"href":"https:\/\/www.audace44.fr\/commande\/wp-json\/wp\/v2\/media?parent=9236"}],"wp:term":[{"taxonomy":"product_cat","embeddable":true,"href":"https:\/\/www.audace44.fr\/commande\/wp-json\/wp\/v2\/product_cat?post=9236"},{"taxonomy":"product_tag","embeddable":true,"href":"https:\/\/www.audace44.fr\/commande\/wp-json\/wp\/v2\/product_tag?post=9236"}],"curies":[{"name":"wp","href":"https:\/\/api.w.org\/{rel}","templated":true}]}}