{"id":9246,"date":"2025-12-10T14:14:40","date_gmt":"2025-12-10T13:14:40","guid":{"rendered":"https:\/\/www.audace44.fr\/commande\/?post_type=product&#038;p=9246"},"modified":"2026-04-28T15:47:07","modified_gmt":"2026-04-28T13:47:07","slug":"pathe-gaumont-e-billets-nantes","status":"publish","type":"product","link":"https:\/\/www.audace44.fr\/commande\/produit\/pathe-gaumont-e-billets-nantes\/","title":{"rendered":"Path\u00e9-Gaumont e-billets Nantes"},"content":{"rendered":"<p>Les billets pour Nantes sont de retour !!!!<\/p>\n<p>Tarif de 8 \u20ac<\/p>\n<p>E-billets disponibles pour les cin\u00e9mas de Nantes Path\u00e9\u00a0 Atlantis et Gaumont Nantes.<\/p>\n<p><strong>Important: Vous avez maintenant la possibilit\u00e9 de t\u00e9l\u00e9charger vos billets aux heures de fermeture d'Audace et le week-end.<\/strong><\/p>\n<p><strong>Billets t\u00e9l\u00e9chargeables ponctuellement sur le site ( suivant le stock, choisir un billet avec un num\u00e9ro expl: billet XX19) disponibles imm\u00e9diatement dans votre espace personnel apr\u00e8s paiement CB valid\u00e9.\u00a0 Une r\u00e9f\u00e9rence = Un billet, si vous souhaitez plusieurs ebillets t\u00e9l\u00e9chargeables il faut mettre dans votre panier plusieurs r\u00e9f\u00e9rences.<\/strong><\/p>\n<p><strong>Les billets seront disponibles dans votre espace sur le site Audace d\u00e8s votre paiement CB effectu\u00e9.<\/strong><\/p>\n<p><strong>Il s'agit de lot donc il est normal que pour 2 ou 4 billets il soit not\u00e9 1 en stock.<\/strong><\/p>\n<p><b>E-billets t\u00e9l\u00e9chargeables en fonction du stock disponible et uniquement en cas de paiement CB imm\u00e9diat.<\/b><\/p>\n","protected":false},"excerpt":{"rendered":"<p>Cin\u00e9mas Path\u00e9 Gaumont<\/p>\n<p>Nantes E-billets t\u00e9l\u00e9chargeables<\/p>\n","protected":false},"featured_media":9247,"template":"","meta":[],"product_cat":[75],"product_tag":[74,124],"_links":{"self":[{"href":"https:\/\/www.audace44.fr\/commande\/wp-json\/wp\/v2\/product\/9246"}],"collection":[{"href":"https:\/\/www.audace44.fr\/commande\/wp-json\/wp\/v2\/product"}],"about":[{"href":"https:\/\/www.audace44.fr\/commande\/wp-json\/wp\/v2\/types\/product"}],"wp:featuredmedia":[{"embeddable":true,"href":"https:\/\/www.audace44.fr\/commande\/wp-json\/wp\/v2\/media\/9247"}],"wp:attachment":[{"href":"https:\/\/www.audace44.fr\/commande\/wp-json\/wp\/v2\/media?parent=9246"}],"wp:term":[{"taxonomy":"product_cat","embeddable":true,"href":"https:\/\/www.audace44.fr\/commande\/wp-json\/wp\/v2\/product_cat?post=9246"},{"taxonomy":"product_tag","embeddable":true,"href":"https:\/\/www.audace44.fr\/commande\/wp-json\/wp\/v2\/product_tag?post=9246"}],"curies":[{"name":"wp","href":"https:\/\/api.w.org\/{rel}","templated":true}]}}