{"id":9290,"date":"2024-10-20T13:45:32","date_gmt":"2024-10-20T11:45:32","guid":{"rendered":"https:\/\/www.audace44.fr\/commande\/?post_type=product&#038;p=9290"},"modified":"2025-01-28T15:09:59","modified_gmt":"2025-01-28T14:09:59","slug":"wonderbox","status":"publish","type":"product","link":"https:\/\/www.audace44.fr\/commande\/produit\/wonderbox\/","title":{"rendered":"Wonderbox"},"content":{"rendered":"<p>Offre St Valentin du 1er au 16 f\u00e9vrier 2025:<\/p>\n<p><strong>Notre offre exclusive pour la Saint-Valentin :<\/strong><\/p>\n<ul>\n<li><strong>-18 %<\/strong> sur 5 coffrets embl\u00e9matiques : <strong>Bulle de bien-\u00eatre, Week-end en amoureux, Insolite Nuit en duo, Soins et massages en duo, 3 jours de r\u00eave en duo<\/strong><strong>Via votre lien remis\u00e9<\/strong>\u00a0:\u00a0Votre remise s\u2019appliquera automatiquement dans le panier d\u2019achat pour les coffrets concern\u00e9s par l\u2019offre.\n<ol>\n<li>Connectez-vous au site Wonderbox Collectivit\u00e9s en <strong>CLIQUANT ICI (<a href=\"https:\/\/collectivite.wonderbox.fr\/promotion\/code\/62f9857f206704052bbf1848ae5119dc\" target=\"_blank\" rel=\"noopener noreferrer\">Wonderbox collectivit\u00e9s<\/a>)<\/strong><\/li>\n<\/ol>\n<ol start=\"2\">\n<li>Choisissez votre coffret pr\u00e9sent\u00e9 au prix public<\/li>\n<li>La remise sera d\u00e9duite automatiquement dans votre panier<\/li>\n<li>Payez en ligne et recevez votre coffret cadeau \u00e0 domicile ou votre e-coffret par mail imm\u00e9diatement<\/li>\n<\/ol>\n<\/li>\n<\/ul>\n<p>------------------------------------------------------------------------------------------------------------------------------------<\/p>\n<p>Pour vous ou pour offrir, optez pour un coffret ou une activit\u00e9 du Groupe Wonderbox\u00a0! Quelques raisons qui vous feront craquer\u00a0:<\/p>\n<ul>\n<li><strong>Un cadeau original\u00a0:<\/strong> Offrez \u00e0 vos proches une <strong>exp\u00e9rience unique<\/strong> et des <strong>souvenirs<\/strong> plein la t\u00eate\u00a0!<\/li>\n<li><strong>Vari\u00e9t\u00e9\u00a0:<\/strong> Instant spa ou week-end thalasso, matchs de foot ou de rugby, week-end insolite ou cocooning, soir\u00e9e au th\u00e9\u00e2tre, parcs d\u2019attractions \u00e0 la journ\u00e9e ou en s\u00e9jour, Il y en a pour <strong>tous les go\u00fbts<\/strong> et <strong>tous les budgets<\/strong>!<\/li>\n<li><strong>Validit\u00e9\u00a0:<\/strong> Nos coffrets sont valables 3 ans et 3 mois et 2 ans pour la gamme Connect)<\/li>\n<li><strong>Echange et prolongation<\/strong>: Le coffret ne vous convient pas\u00a0? Aucun probl\u00e8me, les \u00e9changes sont <strong>gratuits et illimit\u00e9s<\/strong>\u00a0!<\/li>\n<li>Vous aurez le choix entre le <strong>format physique coffret cadeau<\/strong> \u00e0 recevoir \u00e0 domicile ou <strong>l\u2019e-coffret par mail<\/strong> pour une r\u00e9ception instantan\u00e9e.<\/li>\n<\/ul>\n<p>Laissez vous guider dans l\u2019univers des coffrets cadeaux pour homme,\u00a0 pour femme, pour couple ou pour toute la famille.<\/p>\n<p>B\u00e9n\u00e9ficiez de 12 % de remise sur la totalit\u00e9 de la gamme Wonderbox, la remise est visible d\u00e8s que vous cliquez sur acheter.<\/p>\n<p>Rendez-vous directement sur le site:\u00a0<a href=\"https:\/\/collectivite.wonderbox.fr\/promotion\/code\/62f9857f206704052bbf1848ae5119dc\" target=\"_blank\" rel=\"noopener noreferrer\">Wonderbox collectivit\u00e9s<\/a><\/p>\n<p>&nbsp;<\/p>\n","protected":false},"excerpt":{"rendered":"<p>Remise de 12 % sur toute la gamme Wonderbox<\/p>\n<p>&nbsp;<\/p>\n","protected":false},"featured_media":9291,"template":"","meta":[],"product_cat":[97,117,121,113,83,84,92,81,71,95,82,86],"product_tag":[],"_links":{"self":[{"href":"https:\/\/www.audace44.fr\/commande\/wp-json\/wp\/v2\/product\/9290"}],"collection":[{"href":"https:\/\/www.audace44.fr\/commande\/wp-json\/wp\/v2\/product"}],"about":[{"href":"https:\/\/www.audace44.fr\/commande\/wp-json\/wp\/v2\/types\/product"}],"wp:featuredmedia":[{"embeddable":true,"href":"https:\/\/www.audace44.fr\/commande\/wp-json\/wp\/v2\/media\/9291"}],"wp:attachment":[{"href":"https:\/\/www.audace44.fr\/commande\/wp-json\/wp\/v2\/media?parent=9290"}],"wp:term":[{"taxonomy":"product_cat","embeddable":true,"href":"https:\/\/www.audace44.fr\/commande\/wp-json\/wp\/v2\/product_cat?post=9290"},{"taxonomy":"product_tag","embeddable":true,"href":"https:\/\/www.audace44.fr\/commande\/wp-json\/wp\/v2\/product_tag?post=9290"}],"curies":[{"name":"wp","href":"https:\/\/api.w.org\/{rel}","templated":true}]}}