{"id":9295,"date":"2021-12-20T14:03:05","date_gmt":"2021-12-20T13:03:05","guid":{"rendered":"https:\/\/www.audace44.fr\/commande\/?post_type=product&#038;p=9295"},"modified":"2024-02-21T12:24:45","modified_gmt":"2024-02-21T11:24:45","slug":"gites-de-france","status":"publish","type":"product","link":"https:\/\/www.audace44.fr\/commande\/produit\/gites-de-france\/","title":{"rendered":"G\u00eetes de France"},"content":{"rendered":"<p>B\u00e9n\u00e9ficiez toute l'ann\u00e9e de 5% de r\u00e9duction sur vos r\u00e9servation de s\u00e9jours chez G\u00eetes de France.<\/p>\n<p>Vous y choisirez vos identifiants et mot de passe et renseignerez votre code CSE: AuD44<\/p>\n<p>Ensuite rendez-vous sur le site ci-dessous pour r\u00e9server:<\/p>\n<p><a href=\"https:\/\/offrece.gites-de-france.com\/\" target=\"_blank\" rel=\"noopener\">https:\/\/offrece.gites-de-france.com\/<\/a><\/p>\n<p>Login\u00a0: AuD44<\/p>\n<p>Mot de passe\u00a0: 44AuCe&amp;Nat<\/p>\n<p>&nbsp;<\/p>\n","protected":false},"excerpt":{"rendered":"<p>B\u00e9n\u00e9ficiez de 5% toute l&#8217;ann\u00e9e !<\/p>\n","protected":false},"featured_media":9296,"template":"","meta":[],"product_cat":[117,79],"product_tag":[],"_links":{"self":[{"href":"https:\/\/www.audace44.fr\/commande\/wp-json\/wp\/v2\/product\/9295"}],"collection":[{"href":"https:\/\/www.audace44.fr\/commande\/wp-json\/wp\/v2\/product"}],"about":[{"href":"https:\/\/www.audace44.fr\/commande\/wp-json\/wp\/v2\/types\/product"}],"wp:featuredmedia":[{"embeddable":true,"href":"https:\/\/www.audace44.fr\/commande\/wp-json\/wp\/v2\/media\/9296"}],"wp:attachment":[{"href":"https:\/\/www.audace44.fr\/commande\/wp-json\/wp\/v2\/media?parent=9295"}],"wp:term":[{"taxonomy":"product_cat","embeddable":true,"href":"https:\/\/www.audace44.fr\/commande\/wp-json\/wp\/v2\/product_cat?post=9295"},{"taxonomy":"product_tag","embeddable":true,"href":"https:\/\/www.audace44.fr\/commande\/wp-json\/wp\/v2\/product_tag?post=9295"}],"curies":[{"name":"wp","href":"https:\/\/api.w.org\/{rel}","templated":true}]}}