{"id":9427,"date":"2022-02-08T10:58:28","date_gmt":"2022-02-08T09:58:28","guid":{"rendered":"https:\/\/www.audace44.fr\/commande\/?post_type=product&#038;p=9427"},"modified":"2022-02-08T11:02:14","modified_gmt":"2022-02-08T10:02:14","slug":"my-big-bang","status":"publish","type":"product","link":"https:\/\/www.audace44.fr\/commande\/produit\/my-big-bang\/","title":{"rendered":"My Big Bang"},"content":{"rendered":"<div>My Big Bang Nantes M\u00e9tropole r\u00e9pond aux d\u00e9fis de la vie moderne ! manque de temps, manque d'activit\u00e9 sportive, stress important, maux de dos, surpoids....<\/div>\n<div>My Big Bang est un studio d'\u00e9lectro-stimulation qui vous permet de faire l'\u00e9quivalent de 4 heures de sport en seulement 20 minutes par semaine tout en b\u00e9n\u00e9ficiant d'un suivi personnalis\u00e9 et d'un coaching professionnel adapt\u00e9 \u00e0 vos besoins.<\/div>\n<div><\/div>\n<div>Sur pr\u00e9sentation de la carte Audace:<\/div>\n<div><\/div>\n<div>-\u00a0 \u00a0 S\u00e9ance d'essai gratuite et sans engagements<\/div>\n<div>-\u00a0 \u00a0 -10% sur notre pack 3 mois ( mensuel ou comptant)<\/div>\n<div>-\u00a0 \u00a0 50 offerts sur le pack 12 mois ( soit une premi\u00e8re \u00e9ch\u00e9ance\u00a0\u00e0 49 euros au lieu de 99 euros)<\/div>\n<div><\/div>\n<div>Vid\u00e9os que nous avons pu r\u00e9aliser dans le cadre d'une interview de T\u00e9l\u00e9nantes ainsi qu'un teaser.<\/div>\n<div><\/div>\n<div><a href=\"https:\/\/fb.watch\/aWDzgrjvtZ\/\" target=\"_blank\" rel=\"noopener noreferrer\" data-saferedirecturl=\"https:\/\/www.google.com\/url?q=https:\/\/fb.watch\/aWDzgrjvtZ\/&amp;source=gmail&amp;ust=1644399283791000&amp;usg=AOvVaw3mTgiNzzyE-yP0yL0dlWx8\">https:\/\/fb.watch\/aWDzgrjvtZ\/<\/a><\/div>\n<div><a href=\"https:\/\/fb.watch\/aWDCTaZp1e\/\" target=\"_blank\" rel=\"noopener noreferrer\" data-saferedirecturl=\"https:\/\/www.google.com\/url?q=https:\/\/fb.watch\/aWDCTaZp1e\/&amp;source=gmail&amp;ust=1644399283791000&amp;usg=AOvVaw1pltlQf3JniVNWoKoeC-O0\">https:\/\/fb.watch\/aWDCTaZp1e\/<\/a><\/div>\n","protected":false},"excerpt":{"rendered":"<p>My Big Bang est un studio d&#8217;\u00e9lectro-stimulation qui vous permet de faire l&#8217;\u00e9quivalent de 4 heures de sport en seulement 20 minutes.<\/p>\n<p>St Herblain et La Chapelle sur Erdre<\/p>\n","protected":false},"featured_media":9428,"template":"","meta":[],"product_cat":[81,95],"product_tag":[],"_links":{"self":[{"href":"https:\/\/www.audace44.fr\/commande\/wp-json\/wp\/v2\/product\/9427"}],"collection":[{"href":"https:\/\/www.audace44.fr\/commande\/wp-json\/wp\/v2\/product"}],"about":[{"href":"https:\/\/www.audace44.fr\/commande\/wp-json\/wp\/v2\/types\/product"}],"wp:featuredmedia":[{"embeddable":true,"href":"https:\/\/www.audace44.fr\/commande\/wp-json\/wp\/v2\/media\/9428"}],"wp:attachment":[{"href":"https:\/\/www.audace44.fr\/commande\/wp-json\/wp\/v2\/media?parent=9427"}],"wp:term":[{"taxonomy":"product_cat","embeddable":true,"href":"https:\/\/www.audace44.fr\/commande\/wp-json\/wp\/v2\/product_cat?post=9427"},{"taxonomy":"product_tag","embeddable":true,"href":"https:\/\/www.audace44.fr\/commande\/wp-json\/wp\/v2\/product_tag?post=9427"}],"curies":[{"name":"wp","href":"https:\/\/api.w.org\/{rel}","templated":true}]}}