{"id":9535,"date":"2022-03-25T11:40:05","date_gmt":"2022-03-25T10:40:05","guid":{"rendered":"https:\/\/www.audace44.fr\/commande\/?post_type=product&#038;p=9535"},"modified":"2026-03-24T09:20:59","modified_gmt":"2026-03-24T08:20:59","slug":"chateau-de-chambord","status":"publish","type":"product","link":"https:\/\/www.audace44.fr\/commande\/produit\/chateau-de-chambord\/","title":{"rendered":"Ch\u00e2teau de Chambord"},"content":{"rendered":"<p>E-billet entr\u00e9e au ch\u00e2teau de Chambord et visite des jardins.<\/p>\n<p>Tarif unique<\/p>\n<p>Gratuit pour - 18 ans.<\/p>\n<p>ebillets envoy\u00e9s les jours d'ouverture d'Audace uniquement.<\/p>\n","protected":false},"excerpt":{"rendered":"<p>Entr\u00e9e ch\u00e2teau et jardins<\/p>\n<p>e-billet<\/p>\n","protected":false},"featured_media":9536,"template":"","meta":[],"product_cat":[84,92],"product_tag":[],"_links":{"self":[{"href":"https:\/\/www.audace44.fr\/commande\/wp-json\/wp\/v2\/product\/9535"}],"collection":[{"href":"https:\/\/www.audace44.fr\/commande\/wp-json\/wp\/v2\/product"}],"about":[{"href":"https:\/\/www.audace44.fr\/commande\/wp-json\/wp\/v2\/types\/product"}],"wp:featuredmedia":[{"embeddable":true,"href":"https:\/\/www.audace44.fr\/commande\/wp-json\/wp\/v2\/media\/9536"}],"wp:attachment":[{"href":"https:\/\/www.audace44.fr\/commande\/wp-json\/wp\/v2\/media?parent=9535"}],"wp:term":[{"taxonomy":"product_cat","embeddable":true,"href":"https:\/\/www.audace44.fr\/commande\/wp-json\/wp\/v2\/product_cat?post=9535"},{"taxonomy":"product_tag","embeddable":true,"href":"https:\/\/www.audace44.fr\/commande\/wp-json\/wp\/v2\/product_tag?post=9535"}],"curies":[{"name":"wp","href":"https:\/\/api.w.org\/{rel}","templated":true}]}}